{"id":224,"date":"2019-10-14T16:52:27","date_gmt":"2019-10-14T13:52:27","guid":{"rendered":"http:\/\/sivteks.com.tr\/demo\/?page_id=224"},"modified":"2019-10-14T16:52:46","modified_gmt":"2019-10-14T13:52:46","slug":"misyon","status":"publish","type":"page","link":"https:\/\/www.sivteks.com.tr\/?page_id=224","title":{"rendered":"Misyon"},"content":{"rendered":"\n<p>-M\u00fc\u015fteri memnuniyetini odakl\u0131 \u00e7al\u0131\u015farak kaliteli hizmet sunmak.<\/p>\n\n\n\n<p>-Etik ve toplumsal de\u011ferler \u0131\u015f\u0131\u011f\u0131nda insan odakl\u0131 \u00e7al\u0131\u015fan bir firma olmak.<\/p>\n\n\n\n<p>-Toplum ve \u00e7evre sa\u011fl\u0131\u011f\u0131 ile ilgili hassasiyet g\u00f6stererek buna g\u00f6re hareket etmek.<\/p>\n\n\n\n<p>Sivteks, m\u00fc\u015fterilerine en iyinin, en kaliteli \u00fcr\u00fcn\u00fcn s\u00f6z\u00fcn\u00fc verir.<\/p>\n","protected":false},"excerpt":{"rendered":"<p>-M\u00fc\u015fteri memnuniyetini odakl\u0131 \u00e7al\u0131\u015farak kaliteli hizmet sunmak. -Etik ve toplumsal de\u011ferler \u0131\u015f\u0131\u011f\u0131nda insan odakl\u0131 \u00e7al\u0131\u015fan bir firma olmak. -Toplum ve&hellip;<\/p>\n","protected":false},"author":1,"featured_media":0,"parent":0,"menu_order":0,"comment_status":"closed","ping_status":"closed","template":"","meta":{"footnotes":""},"class_list":["post-224","page","type-page","status-publish","hentry"],"_links":{"self":[{"href":"https:\/\/www.sivteks.com.tr\/index.php?rest_route=\/wp\/v2\/pages\/224","targetHints":{"allow":["GET"]}}],"collection":[{"href":"https:\/\/www.sivteks.com.tr\/index.php?rest_route=\/wp\/v2\/pages"}],"about":[{"href":"https:\/\/www.sivteks.com.tr\/index.php?rest_route=\/wp\/v2\/types\/page"}],"author":[{"embeddable":true,"href":"https:\/\/www.sivteks.com.tr\/index.php?rest_route=\/wp\/v2\/users\/1"}],"replies":[{"embeddable":true,"href":"https:\/\/www.sivteks.com.tr\/index.php?rest_route=%2Fwp%2Fv2%2Fcomments&post=224"}],"version-history":[{"count":2,"href":"https:\/\/www.sivteks.com.tr\/index.php?rest_route=\/wp\/v2\/pages\/224\/revisions"}],"predecessor-version":[{"id":226,"href":"https:\/\/www.sivteks.com.tr\/index.php?rest_route=\/wp\/v2\/pages\/224\/revisions\/226"}],"wp:attachment":[{"href":"https:\/\/www.sivteks.com.tr\/index.php?rest_route=%2Fwp%2Fv2%2Fmedia&parent=224"}],"curies":[{"name":"wp","href":"https:\/\/api.w.org\/{rel}","templated":true}]}}