{"id":342,"date":"2019-10-15T15:14:09","date_gmt":"2019-10-15T12:14:09","guid":{"rendered":"http:\/\/sivteks.com.tr\/demo\/?page_id=342"},"modified":"2019-10-15T16:17:44","modified_gmt":"2019-10-15T13:17:44","slug":"boya-apre","status":"publish","type":"page","link":"https:\/\/www.sivteks.com.tr\/?page_id=342","title":{"rendered":"Boya-Apre"},"content":{"rendered":"\n<h3 class=\"wp-block-heading\">Boya<\/h3>\n\n\n\n<p>Jet kuma\u015f boyama makineleri \u00e7ektirme y\u00f6ntemi ile kesikli (diskontin\u00fc) olarak \u00e7al\u0131\u015fan, y\u00fcksek s\u0131cakl\u0131k ve bas\u0131n\u00e7 alt\u0131nda t\u00fcp veya halat \u015feklinde \u00f6rme ve dokuma kuma\u015f boyayabilen makinelerdir. G\u00fcn\u00fcm\u00fczde yayg\u0131n olarak kullan\u0131lan makinelerdir. Bu makineler pamuk, viskon, sentetik ve bunlar\u0131n kar\u0131\u015f\u0131m\u0131 (pamuk\/polyester, pamuk\/polyamid, viskon\/polyester gibi) kuma\u015flar\u0131n boyanmas\u0131nda ve \u00f6n i\u015flemlerinde kullan\u0131l\u0131r.<\/p>\n\n\n\n<h3 class=\"wp-block-heading\">Apre<\/h3>\n\n\n\n<p>Tekstil materyalinin \u00f6n terbiye ve renklendirme i\u015flemleri sonras\u0131 terbiye i\u015fletmesini terk etmeden \u00f6nce, g\u00f6rd\u00fckleri mekanik ve kimyasal t\u00fcm i\u015flemlere bitim i\u015flemleri veya apre i\u015flemleri denir. Tekstil \u00fcr\u00fcn\u00fcne, renklendirme sonras\u0131 yap\u0131lan apre i\u015flemlerindeki ama\u00e7; \u00fcr\u00fcn\u00fcn tutumunu, g\u00f6r\u00fcn\u00fcm\u00fcn\u00fc de\u011fi\u015ftirmek ve geli\u015ftirmektir.<\/p>\n","protected":false},"excerpt":{"rendered":"<p>Boya Jet kuma\u015f boyama makineleri \u00e7ektirme y\u00f6ntemi ile kesikli (diskontin\u00fc) olarak \u00e7al\u0131\u015fan, y\u00fcksek s\u0131cakl\u0131k ve bas\u0131n\u00e7 alt\u0131nda t\u00fcp veya halat&hellip;<\/p>\n","protected":false},"author":1,"featured_media":0,"parent":0,"menu_order":0,"comment_status":"closed","ping_status":"closed","template":"","meta":{"footnotes":""},"class_list":["post-342","page","type-page","status-publish","hentry"],"_links":{"self":[{"href":"https:\/\/www.sivteks.com.tr\/index.php?rest_route=\/wp\/v2\/pages\/342","targetHints":{"allow":["GET"]}}],"collection":[{"href":"https:\/\/www.sivteks.com.tr\/index.php?rest_route=\/wp\/v2\/pages"}],"about":[{"href":"https:\/\/www.sivteks.com.tr\/index.php?rest_route=\/wp\/v2\/types\/page"}],"author":[{"embeddable":true,"href":"https:\/\/www.sivteks.com.tr\/index.php?rest_route=\/wp\/v2\/users\/1"}],"replies":[{"embeddable":true,"href":"https:\/\/www.sivteks.com.tr\/index.php?rest_route=%2Fwp%2Fv2%2Fcomments&post=342"}],"version-history":[{"count":3,"href":"https:\/\/www.sivteks.com.tr\/index.php?rest_route=\/wp\/v2\/pages\/342\/revisions"}],"predecessor-version":[{"id":368,"href":"https:\/\/www.sivteks.com.tr\/index.php?rest_route=\/wp\/v2\/pages\/342\/revisions\/368"}],"wp:attachment":[{"href":"https:\/\/www.sivteks.com.tr\/index.php?rest_route=%2Fwp%2Fv2%2Fmedia&parent=342"}],"curies":[{"name":"wp","href":"https:\/\/api.w.org\/{rel}","templated":true}]}}