{"id":348,"date":"2019-10-15T15:15:46","date_gmt":"2019-10-15T12:15:46","guid":{"rendered":"http:\/\/sivteks.com.tr\/demo\/?page_id=348"},"modified":"2019-10-15T16:40:37","modified_gmt":"2019-10-15T13:40:37","slug":"hasil-cozgu","status":"publish","type":"page","link":"https:\/\/www.sivteks.com.tr\/?page_id=348","title":{"rendered":"Ha\u015f\u0131l-\u00c7\u00f6zg\u00fc"},"content":{"rendered":"\n<h3 class=\"wp-block-heading\">Ha\u015f\u0131l<\/h3>\n\n\n\n<p>Genel olarak ha\u015f\u0131l; \u00e7\u00f6zg\u00fc ipliklerinin dokuma s\u0131ras\u0131nda maruz kalacaklar\u0131 mekanik hareketlere kar\u015f\u0131 gerekli fiziksel ve kimyasal \u00f6zelliklerini muhafaza veya daha da artt\u0131rmak maksad\u0131yla, \u00e7\u00f6zg\u00fc ipliklerindeki elyaf u\u00e7lar\u0131n\u0131 birbirine yap\u0131\u015ft\u0131rmak, ipli\u011fin y\u00fczeyini bir ha\u015f\u0131l filmi ile kaplamak ve mukavemetini artt\u0131rmak i\u00e7in haz\u0131rlanan \u00e7e\u015fitli ve uygun kimyasal tertipte yap\u0131\u015ft\u0131r\u0131c\u0131 \u00f6zelli\u011fi bulunan viskoz bir s\u0131v\u0131d\u0131r.<\/p>\n\n\n\n<p>\u00c7\u00f6zg\u00fcden gelen iplikler dokuma tezgah\u0131na girdi\u011fi zaman \u00e7e\u015fitli etkilere maruz kal\u0131r. (Bkz. \u015eekil 1). \u00c7\u00f6zg\u00fc k\u00f6pr\u00fcs\u00fcnde iplik b\u00fck\u00fcl\u00fcr, lamel ve g\u00fcc\u00fclerde s\u00fcrt\u00fcnmeye maruz kal\u0131r ve uzamaya u\u011frarlar. Taraklarda ise iplik hem s\u00fcrt\u00fcnme, hemde darbeye maruz kal\u0131r. B\u00fct\u00fcn bu etkilerle kar\u015f\u0131 kar\u015f\u0131ya kalan ipli\u011fin dokunabilmesini, sahip oldu\u011fu \u00e7e\u015fitli \u00f6zelliklerle sa\u011flayan ha\u015f\u0131l maddesidir.<\/p>\n\n\n\n<h3 class=\"wp-block-heading\">\u00c7\u00f6zg\u00fc<\/h3>\n\n\n\n<p>\u00c7\u00f6zg\u00fc ipliklerinin yukar\u0131da tarifi verilen ha\u015f\u0131l i\u00e7erisinden ge\u00e7irilmesi i\u015flemine ha\u015f\u0131llama denir.Ha\u015f\u0131llama i\u015flemi, iplik kalitesini de\u011fi\u015ftirmez. Fakat ha\u015f\u0131llanan iplikten istenilen kalitede bir dokuma ve dokuma tezgahlar\u0131ndan y\u00fcksek rand\u0131man al\u0131nmas\u0131na yard\u0131mc\u0131 olur.<\/p>\n","protected":false},"excerpt":{"rendered":"<p>Ha\u015f\u0131l Genel olarak ha\u015f\u0131l; \u00e7\u00f6zg\u00fc ipliklerinin dokuma s\u0131ras\u0131nda maruz kalacaklar\u0131 mekanik hareketlere kar\u015f\u0131 gerekli fiziksel ve kimyasal \u00f6zelliklerini muhafaza veya&hellip;<\/p>\n","protected":false},"author":1,"featured_media":0,"parent":0,"menu_order":0,"comment_status":"closed","ping_status":"closed","template":"","meta":{"footnotes":""},"class_list":["post-348","page","type-page","status-publish","hentry"],"_links":{"self":[{"href":"https:\/\/www.sivteks.com.tr\/index.php?rest_route=\/wp\/v2\/pages\/348","targetHints":{"allow":["GET"]}}],"collection":[{"href":"https:\/\/www.sivteks.com.tr\/index.php?rest_route=\/wp\/v2\/pages"}],"about":[{"href":"https:\/\/www.sivteks.com.tr\/index.php?rest_route=\/wp\/v2\/types\/page"}],"author":[{"embeddable":true,"href":"https:\/\/www.sivteks.com.tr\/index.php?rest_route=\/wp\/v2\/users\/1"}],"replies":[{"embeddable":true,"href":"https:\/\/www.sivteks.com.tr\/index.php?rest_route=%2Fwp%2Fv2%2Fcomments&post=348"}],"version-history":[{"count":2,"href":"https:\/\/www.sivteks.com.tr\/index.php?rest_route=\/wp\/v2\/pages\/348\/revisions"}],"predecessor-version":[{"id":367,"href":"https:\/\/www.sivteks.com.tr\/index.php?rest_route=\/wp\/v2\/pages\/348\/revisions\/367"}],"wp:attachment":[{"href":"https:\/\/www.sivteks.com.tr\/index.php?rest_route=%2Fwp%2Fv2%2Fmedia&parent=348"}],"curies":[{"name":"wp","href":"https:\/\/api.w.org\/{rel}","templated":true}]}}